{"id":271,"date":"2024-01-23T14:26:26","date_gmt":"2024-01-23T14:26:26","guid":{"rendered":"https:\/\/outlet.ekm.fi\/?post_type=product&#038;p=271"},"modified":"2026-01-16T13:59:03","modified_gmt":"2026-01-16T13:59:03","slug":"sharp-mx-c300w-a4-mutltifunktions-printer","status":"publish","type":"product","link":"https:\/\/outlet.ekm.fi\/fi\/tuote\/sharp-mx-c300w-a4-mutltifunktions-printer\/","title":{"rendered":"SHARP MX-C300W A4 Multifunktions Printer"},"content":{"rendered":"<p class=\"has-medium-font-size\"><a href=\"https:\/\/www.sharp.se\/a4-fargkopiator\/mx-c300w\" target=\"_blank\" rel=\"noreferrer noopener\">L\u00c4NK TILL MERA INFO<\/a><\/p>","protected":false},"excerpt":{"rendered":"<p>Tulostin\/ v\u00e4rikopiokone\/ v\u00e4riskanneri\/ faksi<br \/>30 mustavalko- ja v\u00e4risivua minuutissa<br \/>Paperikapasiteetti: Vakio 300 arkkia, max 800 arkkia<br \/>P\u00f6yt\u00e4kokoluokan kompakti monitoimilaite<br \/>Korkealaatuinen 600 x 600 dpi tulostus<br \/>Automaattinen k\u00e4\u00e4nt\u00e4v\u00e4 sy\u00f6tt\u00f6laite (RSPF)<br \/>USB-liit\u00e4nt\u00e4 mahdollistaa helpon skannauksen USB-muistiin ja suoratulostuksen USB:lt\u00e4<br \/>WLAN vakiona<\/p>","protected":false},"featured_media":272,"template":"","meta":[],"product_brand":[],"product_cat":[25],"product_tag":[],"class_list":{"0":"post-271","1":"product","2":"type-product","3":"status-publish","4":"has-post-thumbnail","6":"product_cat-printers","8":"first","9":"outofstock","10":"sale","11":"taxable","12":"shipping-taxable","13":"purchasable","14":"product-type-simple"},"yoast_head":"<!-- This site is optimized with the Yoast SEO plugin v27.5 - https:\/\/yoast.com\/product\/yoast-seo-wordpress\/ -->\n<title>SHARP MX-C300W A4 Multifunktions Printer - EKM Outlet<\/title>\n<meta name=\"robots\" content=\"index, follow, max-snippet:-1, max-image-preview:large, max-video-preview:-1\" \/>\n<link rel=\"canonical\" href=\"https:\/\/outlet.ekm.fi\/fi\/tuote\/sharp-mx-c300w-a4-mutltifunktions-printer\/\" \/>\n<meta property=\"og:locale\" content=\"fi_FI\" \/>\n<meta property=\"og:type\" content=\"article\" \/>\n<meta property=\"og:title\" content=\"SHARP MX-C300W A4 Multifunktions Printer - EKM Outlet\" \/>\n<meta property=\"og:description\" content=\"Kopiator\/skrivare\/f\u00e4rgscanner\/fax30 svartvita och f\u00e4rgsidor per minutPapperskapacitet: standard 300 ark, max 800 arkA4 multifunktionssystem med kompakt och smart utformningUtskrift p\u00e5 600 x 600 dpi i h\u00f6g kvalitetArkv\u00e4ndande dokumentmatare (RSPF) f\u00f6r singelfunktion som standardUSB-port f\u00f6r enkel scan till USB och direktutskrift fr\u00e5n enhetenTr\u00e5dl\u00f6st LAN som standard\" \/>\n<meta property=\"og:url\" content=\"https:\/\/outlet.ekm.fi\/fi\/tuote\/sharp-mx-c300w-a4-mutltifunktions-printer\/\" \/>\n<meta property=\"og:site_name\" content=\"EKM Outlet\" \/>\n<meta property=\"article:publisher\" content=\"https:\/\/www.facebook.com\/ekmservice\" \/>\n<meta property=\"article:modified_time\" content=\"2026-01-16T13:59:03+00:00\" \/>\n<meta property=\"og:image\" content=\"https:\/\/outlet.ekm.fi\/wp-content\/uploads\/2024\/01\/img-p-mx-c300w-front-960.jpg\" \/>\n\t<meta property=\"og:image:width\" content=\"518\" \/>\n\t<meta property=\"og:image:height\" content=\"550\" \/>\n\t<meta property=\"og:image:type\" content=\"image\/jpeg\" \/>\n<meta name=\"twitter:card\" content=\"summary_large_image\" \/>\n<script type=\"application\/ld+json\" class=\"yoast-schema-graph\">{\"@context\":\"https:\\\/\\\/schema.org\",\"@graph\":[{\"@type\":\"WebPage\",\"@id\":\"https:\\\/\\\/outlet.ekm.fi\\\/produkt\\\/sharp-mx-c300w-a4-mutltifunktions-printer\\\/\",\"url\":\"https:\\\/\\\/outlet.ekm.fi\\\/produkt\\\/sharp-mx-c300w-a4-mutltifunktions-printer\\\/\",\"name\":\"SHARP MX-C300W A4 Multifunktions Printer - EKM Outlet\",\"isPartOf\":{\"@id\":\"https:\\\/\\\/outlet.ekm.fi\\\/#website\"},\"primaryImageOfPage\":{\"@id\":\"https:\\\/\\\/outlet.ekm.fi\\\/produkt\\\/sharp-mx-c300w-a4-mutltifunktions-printer\\\/#primaryimage\"},\"image\":{\"@id\":\"https:\\\/\\\/outlet.ekm.fi\\\/produkt\\\/sharp-mx-c300w-a4-mutltifunktions-printer\\\/#primaryimage\"},\"thumbnailUrl\":\"https:\\\/\\\/outlet.ekm.fi\\\/wp-content\\\/uploads\\\/2024\\\/01\\\/img-p-mx-c300w-front-960.jpg\",\"datePublished\":\"2024-01-23T14:26:26+00:00\",\"dateModified\":\"2026-01-16T13:59:03+00:00\",\"breadcrumb\":{\"@id\":\"https:\\\/\\\/outlet.ekm.fi\\\/produkt\\\/sharp-mx-c300w-a4-mutltifunktions-printer\\\/#breadcrumb\"},\"inLanguage\":\"fi\",\"potentialAction\":[{\"@type\":\"ReadAction\",\"target\":[\"https:\\\/\\\/outlet.ekm.fi\\\/produkt\\\/sharp-mx-c300w-a4-mutltifunktions-printer\\\/\"]}]},{\"@type\":\"ImageObject\",\"inLanguage\":\"fi\",\"@id\":\"https:\\\/\\\/outlet.ekm.fi\\\/produkt\\\/sharp-mx-c300w-a4-mutltifunktions-printer\\\/#primaryimage\",\"url\":\"https:\\\/\\\/outlet.ekm.fi\\\/wp-content\\\/uploads\\\/2024\\\/01\\\/img-p-mx-c300w-front-960.jpg\",\"contentUrl\":\"https:\\\/\\\/outlet.ekm.fi\\\/wp-content\\\/uploads\\\/2024\\\/01\\\/img-p-mx-c300w-front-960.jpg\",\"width\":518,\"height\":550},{\"@type\":\"BreadcrumbList\",\"@id\":\"https:\\\/\\\/outlet.ekm.fi\\\/produkt\\\/sharp-mx-c300w-a4-mutltifunktions-printer\\\/#breadcrumb\",\"itemListElement\":[{\"@type\":\"ListItem\",\"position\":1,\"name\":\"Hem\",\"item\":\"https:\\\/\\\/outlet.ekm.fi\\\/\"},{\"@type\":\"ListItem\",\"position\":2,\"name\":\"EKM&#8217;s Outlet-Shop.\",\"item\":\"https:\\\/\\\/outlet.ekm.fi\\\/\"},{\"@type\":\"ListItem\",\"position\":3,\"name\":\"SHARP MX-C300W A4 Multifunktions Printer\"}]},{\"@type\":\"WebSite\",\"@id\":\"https:\\\/\\\/outlet.ekm.fi\\\/#website\",\"url\":\"https:\\\/\\\/outlet.ekm.fi\\\/\",\"name\":\"EKM Outlet\",\"description\":\"EKM refurbished webshop\",\"publisher\":{\"@id\":\"https:\\\/\\\/outlet.ekm.fi\\\/#organization\"},\"potentialAction\":[{\"@type\":\"SearchAction\",\"target\":{\"@type\":\"EntryPoint\",\"urlTemplate\":\"https:\\\/\\\/outlet.ekm.fi\\\/?s={search_term_string}\"},\"query-input\":{\"@type\":\"PropertyValueSpecification\",\"valueRequired\":true,\"valueName\":\"search_term_string\"}}],\"inLanguage\":\"fi\"},{\"@type\":\"Organization\",\"@id\":\"https:\\\/\\\/outlet.ekm.fi\\\/#organization\",\"name\":\"EKM Service Ab Oy\",\"url\":\"https:\\\/\\\/outlet.ekm.fi\\\/\",\"logo\":{\"@type\":\"ImageObject\",\"inLanguage\":\"fi\",\"@id\":\"https:\\\/\\\/outlet.ekm.fi\\\/#\\\/schema\\\/logo\\\/image\\\/\",\"url\":\"https:\\\/\\\/outlet.ekm.fi\\\/wp-content\\\/uploads\\\/2023\\\/12\\\/cropped-Outlet-2.jpg\",\"contentUrl\":\"https:\\\/\\\/outlet.ekm.fi\\\/wp-content\\\/uploads\\\/2023\\\/12\\\/cropped-Outlet-2.jpg\",\"width\":1098,\"height\":180,\"caption\":\"EKM Service Ab Oy\"},\"image\":{\"@id\":\"https:\\\/\\\/outlet.ekm.fi\\\/#\\\/schema\\\/logo\\\/image\\\/\"},\"sameAs\":[\"https:\\\/\\\/www.facebook.com\\\/ekmservice\"]}]}<\/script>\n<!-- \/ Yoast SEO plugin. -->","yoast_head_json":{"title":"SHARP MX-C300W A4 Multifunktions Printer - EKM Outlet","robots":{"index":"index","follow":"follow","max-snippet":"max-snippet:-1","max-image-preview":"max-image-preview:large","max-video-preview":"max-video-preview:-1"},"canonical":"https:\/\/outlet.ekm.fi\/fi\/tuote\/sharp-mx-c300w-a4-mutltifunktions-printer\/","og_locale":"fi_FI","og_type":"article","og_title":"SHARP MX-C300W A4 Multifunktions Printer - EKM Outlet","og_description":"Kopiator\/skrivare\/f\u00e4rgscanner\/fax30 svartvita och f\u00e4rgsidor per minutPapperskapacitet: standard 300 ark, max 800 arkA4 multifunktionssystem med kompakt och smart utformningUtskrift p\u00e5 600 x 600 dpi i h\u00f6g kvalitetArkv\u00e4ndande dokumentmatare (RSPF) f\u00f6r singelfunktion som standardUSB-port f\u00f6r enkel scan till USB och direktutskrift fr\u00e5n enhetenTr\u00e5dl\u00f6st LAN som standard","og_url":"https:\/\/outlet.ekm.fi\/fi\/tuote\/sharp-mx-c300w-a4-mutltifunktions-printer\/","og_site_name":"EKM Outlet","article_publisher":"https:\/\/www.facebook.com\/ekmservice","article_modified_time":"2026-01-16T13:59:03+00:00","og_image":[{"width":518,"height":550,"url":"https:\/\/outlet.ekm.fi\/wp-content\/uploads\/2024\/01\/img-p-mx-c300w-front-960.jpg","type":"image\/jpeg"}],"twitter_card":"summary_large_image","schema":{"@context":"https:\/\/schema.org","@graph":[{"@type":"WebPage","@id":"https:\/\/outlet.ekm.fi\/produkt\/sharp-mx-c300w-a4-mutltifunktions-printer\/","url":"https:\/\/outlet.ekm.fi\/produkt\/sharp-mx-c300w-a4-mutltifunktions-printer\/","name":"SHARP MX-C300W A4 Multifunktions Printer - EKM Outlet","isPartOf":{"@id":"https:\/\/outlet.ekm.fi\/#website"},"primaryImageOfPage":{"@id":"https:\/\/outlet.ekm.fi\/produkt\/sharp-mx-c300w-a4-mutltifunktions-printer\/#primaryimage"},"image":{"@id":"https:\/\/outlet.ekm.fi\/produkt\/sharp-mx-c300w-a4-mutltifunktions-printer\/#primaryimage"},"thumbnailUrl":"https:\/\/outlet.ekm.fi\/wp-content\/uploads\/2024\/01\/img-p-mx-c300w-front-960.jpg","datePublished":"2024-01-23T14:26:26+00:00","dateModified":"2026-01-16T13:59:03+00:00","breadcrumb":{"@id":"https:\/\/outlet.ekm.fi\/produkt\/sharp-mx-c300w-a4-mutltifunktions-printer\/#breadcrumb"},"inLanguage":"fi","potentialAction":[{"@type":"ReadAction","target":["https:\/\/outlet.ekm.fi\/produkt\/sharp-mx-c300w-a4-mutltifunktions-printer\/"]}]},{"@type":"ImageObject","inLanguage":"fi","@id":"https:\/\/outlet.ekm.fi\/produkt\/sharp-mx-c300w-a4-mutltifunktions-printer\/#primaryimage","url":"https:\/\/outlet.ekm.fi\/wp-content\/uploads\/2024\/01\/img-p-mx-c300w-front-960.jpg","contentUrl":"https:\/\/outlet.ekm.fi\/wp-content\/uploads\/2024\/01\/img-p-mx-c300w-front-960.jpg","width":518,"height":550},{"@type":"BreadcrumbList","@id":"https:\/\/outlet.ekm.fi\/produkt\/sharp-mx-c300w-a4-mutltifunktions-printer\/#breadcrumb","itemListElement":[{"@type":"ListItem","position":1,"name":"Hem","item":"https:\/\/outlet.ekm.fi\/"},{"@type":"ListItem","position":2,"name":"EKM&#8217;s Outlet-Shop.","item":"https:\/\/outlet.ekm.fi\/"},{"@type":"ListItem","position":3,"name":"SHARP MX-C300W A4 Multifunktions Printer"}]},{"@type":"WebSite","@id":"https:\/\/outlet.ekm.fi\/#website","url":"https:\/\/outlet.ekm.fi\/","name":"EKM Outlet","description":"EKM refurbished webshop","publisher":{"@id":"https:\/\/outlet.ekm.fi\/#organization"},"potentialAction":[{"@type":"SearchAction","target":{"@type":"EntryPoint","urlTemplate":"https:\/\/outlet.ekm.fi\/?s={search_term_string}"},"query-input":{"@type":"PropertyValueSpecification","valueRequired":true,"valueName":"search_term_string"}}],"inLanguage":"fi"},{"@type":"Organization","@id":"https:\/\/outlet.ekm.fi\/#organization","name":"EKM Service Ab Oy","url":"https:\/\/outlet.ekm.fi\/","logo":{"@type":"ImageObject","inLanguage":"fi","@id":"https:\/\/outlet.ekm.fi\/#\/schema\/logo\/image\/","url":"https:\/\/outlet.ekm.fi\/wp-content\/uploads\/2023\/12\/cropped-Outlet-2.jpg","contentUrl":"https:\/\/outlet.ekm.fi\/wp-content\/uploads\/2023\/12\/cropped-Outlet-2.jpg","width":1098,"height":180,"caption":"EKM Service Ab Oy"},"image":{"@id":"https:\/\/outlet.ekm.fi\/#\/schema\/logo\/image\/"},"sameAs":["https:\/\/www.facebook.com\/ekmservice"]}]}},"jetpack_sharing_enabled":true,"_links":{"self":[{"href":"https:\/\/outlet.ekm.fi\/fi\/wp-json\/wp\/v2\/product\/271","targetHints":{"allow":["GET"]}}],"collection":[{"href":"https:\/\/outlet.ekm.fi\/fi\/wp-json\/wp\/v2\/product"}],"about":[{"href":"https:\/\/outlet.ekm.fi\/fi\/wp-json\/wp\/v2\/types\/product"}],"wp:featuredmedia":[{"embeddable":true,"href":"https:\/\/outlet.ekm.fi\/fi\/wp-json\/wp\/v2\/media\/272"}],"wp:attachment":[{"href":"https:\/\/outlet.ekm.fi\/fi\/wp-json\/wp\/v2\/media?parent=271"}],"wp:term":[{"taxonomy":"product_brand","embeddable":true,"href":"https:\/\/outlet.ekm.fi\/fi\/wp-json\/wp\/v2\/product_brand?post=271"},{"taxonomy":"product_cat","embeddable":true,"href":"https:\/\/outlet.ekm.fi\/fi\/wp-json\/wp\/v2\/product_cat?post=271"},{"taxonomy":"product_tag","embeddable":true,"href":"https:\/\/outlet.ekm.fi\/fi\/wp-json\/wp\/v2\/product_tag?post=271"}],"curies":[{"name":"wp","href":"https:\/\/api.w.org\/{rel}","templated":true}]}}